{"id":59,"date":"2022-07-22T21:03:49","date_gmt":"2022-07-22T19:03:49","guid":{"rendered":"https:\/\/brainssurgee.fr\/?page_id=59"},"modified":"2026-01-21T11:20:55","modified_gmt":"2026-01-21T10:20:55","slug":"location-salle-et-materiels","status":"publish","type":"page","link":"https:\/\/brainssurgee.fr\/index.php\/location-salle-et-materiels\/","title":{"rendered":"Location salles et mat\u00e9riel"},"content":{"rendered":"\n<h2 class=\"wp-block-heading is-style-widget-title\" style=\"font-size:18px\">Location des salles de r\u00e9ception des Touches<\/h2>\n\n\n\n<p>Grande salle : 115 personnes<\/p>\n\n\n\n<p>Petite salle : 96 personnes<\/p>\n\n\n\n<p>Vaisselle (assiettes, couverts, verres, tasses, pichets, &#8230;) : forfait de 15\u20ac<\/p>\n\n\n\n<p>Mat\u00e9riel et mobilier \u00e0 disposition : tables et chaises, deux r\u00e9frig\u00e9rateurs, un four \u00e0 micro-ondes, une double plaque \u00e9lectrique, un thermo caf\u00e9 de 10 litres.<\/p>\n\n\n\n<p>Pour la location d&rsquo;un \u00e0 cinq ensembles de tables et bancs, le montant est de 0 \u20ac. Pour une location entre 6 et 12 ensembles, le montant est de 15 \u20ac. Au del\u00e0 de 10 ensembles, chaque ensemble est factur\u00e9 2\u20ac suppl\u00e9mentaires.<\/p>\n\n\n\n<p>Tarifs :<\/p>\n\n\n\n<figure class=\"wp-block-table\"><table><tbody><tr><td><strong>1 jour de 8h \u00e0 21h<\/strong><\/td><td>1 salle<\/td><td>2 salles<\/td><\/tr><tr><td>du 1er mai \u00e0 30 septembre<\/td><td>70 \u20ac<\/td><td>90 \u20ac<\/td><\/tr><tr><td>du 1er octobre au 30 avril<\/td><td>90 \u20ac<\/td><td>110 \u20ac<\/td><\/tr><\/tbody><\/table><\/figure>\n\n\n\n<figure class=\"wp-block-table\"><table><tbody><tr><td><strong>1 week-end du samedi 10h au dimanche 18h<\/strong><br>(arr\u00eat de la musique \u00e0 2h du matin)<\/td><td>1 salle<\/td><td>2 salles<\/td><\/tr><tr><td>du 1er mai au 31 octobre<\/td><td>120 \u20ac<\/td><td>150 \u20ac<\/td><\/tr><tr><td>du 1er octobre au 30 avril<\/td><td>150 \u20ac<\/td><td>180 \u20ac<\/td><\/tr><\/tbody><\/table><\/figure>\n\n\n\n<p>Vin d&rsquo;honneur : le montant est \u00e9gal \u00e0 la moiti\u00e9 du tarif en vigueur de location des salles. <\/p>\n\n\n\n<p>Paiement : 30 % au moment de la r\u00e9servation puis 70 % \u00e0 la remise des cl\u00e9s.<\/p>\n\n\n\n<p>Caution de 150 \u20ac pour le m\u00e9nage et caution de 200 \u20ac pour le mobilier, le mat\u00e9riel et les b\u00e2timents. <\/p>\n\n\n\n<p>Forfait en cas de vitres cass\u00e9es : 50 \u20ac.<\/p>\n\n\n\n<p>Assurance : Attestation de responsabilit\u00e9 civile \u00e0 l&rsquo;\u00e9gard des tiers et des biens<\/p>\n\n\n\n<figure class=\"wp-block-table\"><table><tbody><tr><td class=\"has-text-align-left\" data-align=\"left\"><strong>Possibilit\u00e9 de location suppl\u00e9mentaire <br>pour les habitants de Brains-sur-G\u00e9e uniquement :<\/strong><\/td><td><\/td><\/tr><tr><td class=\"has-text-align-left\" data-align=\"left\">une friteuse <\/td><td>20 \u20ac (caution de 200 \u20ac)<\/td><\/tr><tr><td class=\"has-text-align-left\" data-align=\"left\">un percolateur<\/td><td>20 \u20ac (caution de 200 \u20ac)<\/td><\/tr><tr><td class=\"has-text-align-left\" data-align=\"left\">un barnum<\/td><td>100 \u20ac (caution de 1000 \u20ac)<\/td><\/tr><\/tbody><\/table><\/figure>\n\n\n\n<p><\/p>\n\n\n\n<h2 class=\"wp-block-heading is-style-widget-title has-medium-font-size\">Salle Multi-activit\u00e9s<\/h2>\n\n\n\n<p>La salle multi-activit\u00e9s, situ\u00e9e dans l&rsquo;ancienne \u00e9cole, rue des Fr\u00eanes, a \u00e9t\u00e9 r\u00e9habilit\u00e9e en 2013.<\/p>\n\n\n\n<p>Elle porte d\u00e9sormais le nom de Salle Eug\u00e8ne-Henri Pastoureau.<\/p>\n\n\n\n<p>Cet espace d&rsquo;environ 55m\u00b2 peut accueillir une cinquantaine de personnes. Cette salle est disponible pour les associations, les activit\u00e9s scolaires et les manifestations communales. <\/p>\n","protected":false},"excerpt":{"rendered":"<p>Location des salles de r\u00e9ception des Touches Grande salle : 115 personnes Petite salle : 96 personnes Vaisselle (assiettes, couverts, verres, tasses, pichets, &#8230;) : [&#8230;]<\/p>\n","protected":false},"author":1,"featured_media":0,"parent":0,"menu_order":0,"comment_status":"closed","ping_status":"closed","template":"","meta":{"footnotes":""},"class_list":["post-59","page","type-page","status-publish","hentry"],"_links":{"self":[{"href":"https:\/\/brainssurgee.fr\/index.php\/wp-json\/wp\/v2\/pages\/59","targetHints":{"allow":["GET"]}}],"collection":[{"href":"https:\/\/brainssurgee.fr\/index.php\/wp-json\/wp\/v2\/pages"}],"about":[{"href":"https:\/\/brainssurgee.fr\/index.php\/wp-json\/wp\/v2\/types\/page"}],"author":[{"embeddable":true,"href":"https:\/\/brainssurgee.fr\/index.php\/wp-json\/wp\/v2\/users\/1"}],"replies":[{"embeddable":true,"href":"https:\/\/brainssurgee.fr\/index.php\/wp-json\/wp\/v2\/comments?post=59"}],"version-history":[{"count":5,"href":"https:\/\/brainssurgee.fr\/index.php\/wp-json\/wp\/v2\/pages\/59\/revisions"}],"predecessor-version":[{"id":793,"href":"https:\/\/brainssurgee.fr\/index.php\/wp-json\/wp\/v2\/pages\/59\/revisions\/793"}],"wp:attachment":[{"href":"https:\/\/brainssurgee.fr\/index.php\/wp-json\/wp\/v2\/media?parent=59"}],"curies":[{"name":"wp","href":"https:\/\/api.w.org\/{rel}","templated":true}]}}